{"id":1364,"date":"2023-01-24T09:03:24","date_gmt":"2023-01-24T09:03:24","guid":{"rendered":"https:\/\/www.progame-tatami.com\/homepage\/"},"modified":"2024-10-24T15:02:59","modified_gmt":"2024-10-24T15:02:59","slug":"homepage","status":"publish","type":"page","link":"https:\/\/www.progame-tatami.com\/fr\/","title":{"rendered":"Homepage"},"content":{"rendered":"","protected":false},"excerpt":{"rendered":"","protected":false},"author":1,"featured_media":0,"parent":0,"menu_order":0,"comment_status":"closed","ping_status":"closed","template":"","meta":{"_acf_changed":false,"footnotes":""},"class_list":["post-1364","page","type-page","status-publish","hentry"],"acf":[],"yoast_head":"<!-- This site is optimized with the Yoast SEO plugin v27.3 - https:\/\/yoast.com\/product\/yoast-seo-wordpress\/ -->\n<title>Homepage - Progame<\/title>\n<meta name=\"description\" content=\"Les tapis d\u2019arts martiaux de ProGame Tatami by Trocellen ont \u00e9t\u00e9 con\u00e7us, test\u00e9s et approuv\u00e9s pour vous proposer des solutions de haute qualit\u00e9, tenant compte \u00e0 la fois des besoins des athl\u00e8tes, des exigences des f\u00e9d\u00e9rations sportives avec lesquelles nous collaborons, et des r\u00e9glementations en vigueur dans les comp\u00e9titions internationales.\" \/>\n<meta name=\"robots\" content=\"index, follow, max-snippet:-1, max-image-preview:large, max-video-preview:-1\" \/>\n<link rel=\"canonical\" href=\"https:\/\/www.progame-tatami.com\/fr\/\" \/>\n<meta property=\"og:locale\" content=\"fr_FR\" \/>\n<meta property=\"og:type\" content=\"article\" \/>\n<meta property=\"og:title\" content=\"Homepage - Progame\" \/>\n<meta property=\"og:description\" content=\"Les tapis d\u2019arts martiaux de ProGame Tatami by Trocellen ont \u00e9t\u00e9 con\u00e7us, test\u00e9s et approuv\u00e9s pour vous proposer des solutions de haute qualit\u00e9, tenant compte \u00e0 la fois des besoins des athl\u00e8tes, des exigences des f\u00e9d\u00e9rations sportives avec lesquelles nous collaborons, et des r\u00e9glementations en vigueur dans les comp\u00e9titions internationales.\" \/>\n<meta property=\"og:url\" content=\"https:\/\/www.progame-tatami.com\/fr\/\" \/>\n<meta property=\"og:site_name\" content=\"Progame\" \/>\n<meta property=\"article:publisher\" content=\"https:\/\/www.facebook.com\/PROGAMETATAMI\" \/>\n<meta property=\"article:modified_time\" content=\"2024-10-24T15:02:59+00:00\" \/>\n<meta property=\"og:image\" content=\"https:\/\/www.progame-tatami.com\/wp-content\/uploads\/2023\/02\/home-fitness.jpg\" \/>\n\t<meta property=\"og:image:width\" content=\"1920\" \/>\n\t<meta property=\"og:image:height\" content=\"1280\" \/>\n\t<meta property=\"og:image:type\" content=\"image\/jpeg\" \/>\n<meta name=\"twitter:card\" content=\"summary_large_image\" \/>\n<script type=\"application\/ld+json\" class=\"yoast-schema-graph\">{\"@context\":\"https:\\\/\\\/schema.org\",\"@graph\":[{\"@type\":\"WebPage\",\"@id\":\"https:\\\/\\\/www.progame-tatami.com\\\/fr\\\/\",\"url\":\"https:\\\/\\\/www.progame-tatami.com\\\/fr\\\/\",\"name\":\"Homepage - Progame\",\"isPartOf\":{\"@id\":\"https:\\\/\\\/www.progame-tatami.com\\\/fr\\\/#website\"},\"datePublished\":\"2023-01-24T09:03:24+00:00\",\"dateModified\":\"2024-10-24T15:02:59+00:00\",\"description\":\"Les tapis d\u2019arts martiaux de ProGame Tatami by Trocellen ont \u00e9t\u00e9 con\u00e7us, test\u00e9s et approuv\u00e9s pour vous proposer des solutions de haute qualit\u00e9, tenant compte \u00e0 la fois des besoins des athl\u00e8tes, des exigences des f\u00e9d\u00e9rations sportives avec lesquelles nous collaborons, et des r\u00e9glementations en vigueur dans les comp\u00e9titions internationales.\",\"breadcrumb\":{\"@id\":\"https:\\\/\\\/www.progame-tatami.com\\\/fr\\\/#breadcrumb\"},\"inLanguage\":\"fr-FR\",\"potentialAction\":[{\"@type\":\"ReadAction\",\"target\":[\"https:\\\/\\\/www.progame-tatami.com\\\/fr\\\/\"]}]},{\"@type\":\"BreadcrumbList\",\"@id\":\"https:\\\/\\\/www.progame-tatami.com\\\/fr\\\/#breadcrumb\",\"itemListElement\":[{\"@type\":\"ListItem\",\"position\":1,\"name\":\"Home\",\"item\":\"https:\\\/\\\/www.progame-tatami.com\\\/fr\\\/\"},{\"@type\":\"ListItem\",\"position\":2,\"name\":\"Homepage\"}]},{\"@type\":\"WebSite\",\"@id\":\"https:\\\/\\\/www.progame-tatami.com\\\/fr\\\/#website\",\"url\":\"https:\\\/\\\/www.progame-tatami.com\\\/fr\\\/\",\"name\":\"Progame\",\"description\":\"Tatami by Trocellen - Born to perform\",\"publisher\":{\"@id\":\"https:\\\/\\\/www.progame-tatami.com\\\/fr\\\/#organization\"},\"potentialAction\":[{\"@type\":\"SearchAction\",\"target\":{\"@type\":\"EntryPoint\",\"urlTemplate\":\"https:\\\/\\\/www.progame-tatami.com\\\/fr\\\/?s={search_term_string}\"},\"query-input\":{\"@type\":\"PropertyValueSpecification\",\"valueRequired\":true,\"valueName\":\"search_term_string\"}}],\"inLanguage\":\"fr-FR\"},{\"@type\":\"Organization\",\"@id\":\"https:\\\/\\\/www.progame-tatami.com\\\/fr\\\/#organization\",\"name\":\"ProGame - Tatami by Trocellen\",\"url\":\"https:\\\/\\\/www.progame-tatami.com\\\/fr\\\/\",\"logo\":{\"@type\":\"ImageObject\",\"inLanguage\":\"fr-FR\",\"@id\":\"https:\\\/\\\/www.progame-tatami.com\\\/fr\\\/#\\\/schema\\\/logo\\\/image\\\/\",\"url\":\"https:\\\/\\\/www.progame-tatami.com\\\/wp-content\\\/uploads\\\/2023\\\/02\\\/favicon.png\",\"contentUrl\":\"https:\\\/\\\/www.progame-tatami.com\\\/wp-content\\\/uploads\\\/2023\\\/02\\\/favicon.png\",\"width\":512,\"height\":512,\"caption\":\"ProGame - Tatami by Trocellen\"},\"image\":{\"@id\":\"https:\\\/\\\/www.progame-tatami.com\\\/fr\\\/#\\\/schema\\\/logo\\\/image\\\/\"},\"sameAs\":[\"https:\\\/\\\/www.facebook.com\\\/PROGAMETATAMI\",\"https:\\\/\\\/www.youtube.com\\\/@progametatamibytrocellen7893\",\"https:\\\/\\\/www.instagram.com\\\/progame.tatami\\\/\"]}]}<\/script>\n<!-- \/ Yoast SEO plugin. -->","yoast_head_json":{"title":"Homepage - Progame","description":"Les tapis d\u2019arts martiaux de ProGame Tatami by Trocellen ont \u00e9t\u00e9 con\u00e7us, test\u00e9s et approuv\u00e9s pour vous proposer des solutions de haute qualit\u00e9, tenant compte \u00e0 la fois des besoins des athl\u00e8tes, des exigences des f\u00e9d\u00e9rations sportives avec lesquelles nous collaborons, et des r\u00e9glementations en vigueur dans les comp\u00e9titions internationales.","robots":{"index":"index","follow":"follow","max-snippet":"max-snippet:-1","max-image-preview":"max-image-preview:large","max-video-preview":"max-video-preview:-1"},"canonical":"https:\/\/www.progame-tatami.com\/fr\/","og_locale":"fr_FR","og_type":"article","og_title":"Homepage - Progame","og_description":"Les tapis d\u2019arts martiaux de ProGame Tatami by Trocellen ont \u00e9t\u00e9 con\u00e7us, test\u00e9s et approuv\u00e9s pour vous proposer des solutions de haute qualit\u00e9, tenant compte \u00e0 la fois des besoins des athl\u00e8tes, des exigences des f\u00e9d\u00e9rations sportives avec lesquelles nous collaborons, et des r\u00e9glementations en vigueur dans les comp\u00e9titions internationales.","og_url":"https:\/\/www.progame-tatami.com\/fr\/","og_site_name":"Progame","article_publisher":"https:\/\/www.facebook.com\/PROGAMETATAMI","article_modified_time":"2024-10-24T15:02:59+00:00","og_image":[{"width":1920,"height":1280,"url":"https:\/\/www.progame-tatami.com\/wp-content\/uploads\/2023\/02\/home-fitness.jpg","type":"image\/jpeg"}],"twitter_card":"summary_large_image","schema":{"@context":"https:\/\/schema.org","@graph":[{"@type":"WebPage","@id":"https:\/\/www.progame-tatami.com\/fr\/","url":"https:\/\/www.progame-tatami.com\/fr\/","name":"Homepage - Progame","isPartOf":{"@id":"https:\/\/www.progame-tatami.com\/fr\/#website"},"datePublished":"2023-01-24T09:03:24+00:00","dateModified":"2024-10-24T15:02:59+00:00","description":"Les tapis d\u2019arts martiaux de ProGame Tatami by Trocellen ont \u00e9t\u00e9 con\u00e7us, test\u00e9s et approuv\u00e9s pour vous proposer des solutions de haute qualit\u00e9, tenant compte \u00e0 la fois des besoins des athl\u00e8tes, des exigences des f\u00e9d\u00e9rations sportives avec lesquelles nous collaborons, et des r\u00e9glementations en vigueur dans les comp\u00e9titions internationales.","breadcrumb":{"@id":"https:\/\/www.progame-tatami.com\/fr\/#breadcrumb"},"inLanguage":"fr-FR","potentialAction":[{"@type":"ReadAction","target":["https:\/\/www.progame-tatami.com\/fr\/"]}]},{"@type":"BreadcrumbList","@id":"https:\/\/www.progame-tatami.com\/fr\/#breadcrumb","itemListElement":[{"@type":"ListItem","position":1,"name":"Home","item":"https:\/\/www.progame-tatami.com\/fr\/"},{"@type":"ListItem","position":2,"name":"Homepage"}]},{"@type":"WebSite","@id":"https:\/\/www.progame-tatami.com\/fr\/#website","url":"https:\/\/www.progame-tatami.com\/fr\/","name":"Progame","description":"Tatami by Trocellen - Born to perform","publisher":{"@id":"https:\/\/www.progame-tatami.com\/fr\/#organization"},"potentialAction":[{"@type":"SearchAction","target":{"@type":"EntryPoint","urlTemplate":"https:\/\/www.progame-tatami.com\/fr\/?s={search_term_string}"},"query-input":{"@type":"PropertyValueSpecification","valueRequired":true,"valueName":"search_term_string"}}],"inLanguage":"fr-FR"},{"@type":"Organization","@id":"https:\/\/www.progame-tatami.com\/fr\/#organization","name":"ProGame - Tatami by Trocellen","url":"https:\/\/www.progame-tatami.com\/fr\/","logo":{"@type":"ImageObject","inLanguage":"fr-FR","@id":"https:\/\/www.progame-tatami.com\/fr\/#\/schema\/logo\/image\/","url":"https:\/\/www.progame-tatami.com\/wp-content\/uploads\/2023\/02\/favicon.png","contentUrl":"https:\/\/www.progame-tatami.com\/wp-content\/uploads\/2023\/02\/favicon.png","width":512,"height":512,"caption":"ProGame - Tatami by Trocellen"},"image":{"@id":"https:\/\/www.progame-tatami.com\/fr\/#\/schema\/logo\/image\/"},"sameAs":["https:\/\/www.facebook.com\/PROGAMETATAMI","https:\/\/www.youtube.com\/@progametatamibytrocellen7893","https:\/\/www.instagram.com\/progame.tatami\/"]}]}},"_links":{"self":[{"href":"https:\/\/www.progame-tatami.com\/fr\/wp-json\/wp\/v2\/pages\/1364","targetHints":{"allow":["GET"]}}],"collection":[{"href":"https:\/\/www.progame-tatami.com\/fr\/wp-json\/wp\/v2\/pages"}],"about":[{"href":"https:\/\/www.progame-tatami.com\/fr\/wp-json\/wp\/v2\/types\/page"}],"author":[{"embeddable":true,"href":"https:\/\/www.progame-tatami.com\/fr\/wp-json\/wp\/v2\/users\/1"}],"replies":[{"embeddable":true,"href":"https:\/\/www.progame-tatami.com\/fr\/wp-json\/wp\/v2\/comments?post=1364"}],"version-history":[{"count":12,"href":"https:\/\/www.progame-tatami.com\/fr\/wp-json\/wp\/v2\/pages\/1364\/revisions"}],"predecessor-version":[{"id":6588,"href":"https:\/\/www.progame-tatami.com\/fr\/wp-json\/wp\/v2\/pages\/1364\/revisions\/6588"}],"wp:attachment":[{"href":"https:\/\/www.progame-tatami.com\/fr\/wp-json\/wp\/v2\/media?parent=1364"}],"curies":[{"name":"wp","href":"https:\/\/api.w.org\/{rel}","templated":true}]}}