{"id":1367,"date":"2023-01-27T13:33:45","date_gmt":"2023-01-27T13:33:45","guid":{"rendered":"https:\/\/www.progame-tatami.com\/about-us\/"},"modified":"2023-04-13T08:42:29","modified_gmt":"2023-04-13T08:42:29","slug":"qui-sommes-nous","status":"publish","type":"page","link":"https:\/\/www.progame-tatami.com\/fr\/qui-sommes-nous\/","title":{"rendered":"Qui sommes-nous"},"content":{"rendered":"","protected":false},"excerpt":{"rendered":"","protected":false},"author":1,"featured_media":0,"parent":0,"menu_order":0,"comment_status":"closed","ping_status":"closed","template":"page-templates\/template-about-us.php","meta":{"_acf_changed":false,"footnotes":""},"class_list":["post-1367","page","type-page","status-publish","hentry"],"acf":[],"yoast_head":"<!-- This site is optimized with the Yoast SEO plugin v27.3 - https:\/\/yoast.com\/product\/yoast-seo-wordpress\/ -->\n<title>Qui sommes-nous - Progame<\/title>\n<meta name=\"description\" content=\"Chez Trocellen, nous partageons \u00e0 la fois l\u2019amour du sport et un engagement qui vise \u00e0 rendre l\u2019exp\u00e9rience de la pratique sportive s\u00fbre et engageante. Tout en garantissant d&#039;excellentes performances pour nos produits et forts de notre engagement en faveur de la protection de l&#039;environnement, nos solutions r\u00e9pondent non seulement aux exigences les plus \u00e9lev\u00e9es, mais \u00e9galement aux besoins d&#039;une population de plus en plus soucieuse des questions de sant\u00e9.\" \/>\n<meta name=\"robots\" content=\"index, follow, max-snippet:-1, max-image-preview:large, max-video-preview:-1\" \/>\n<link rel=\"canonical\" href=\"https:\/\/www.progame-tatami.com\/fr\/qui-sommes-nous\/\" \/>\n<meta property=\"og:locale\" content=\"fr_FR\" \/>\n<meta property=\"og:type\" content=\"article\" \/>\n<meta property=\"og:title\" content=\"Qui sommes-nous - Progame\" \/>\n<meta property=\"og:description\" content=\"Chez Trocellen, nous partageons \u00e0 la fois l\u2019amour du sport et un engagement qui vise \u00e0 rendre l\u2019exp\u00e9rience de la pratique sportive s\u00fbre et engageante. Tout en garantissant d&#039;excellentes performances pour nos produits et forts de notre engagement en faveur de la protection de l&#039;environnement, nos solutions r\u00e9pondent non seulement aux exigences les plus \u00e9lev\u00e9es, mais \u00e9galement aux besoins d&#039;une population de plus en plus soucieuse des questions de sant\u00e9.\" \/>\n<meta property=\"og:url\" content=\"https:\/\/www.progame-tatami.com\/fr\/qui-sommes-nous\/\" \/>\n<meta property=\"og:site_name\" content=\"Progame\" \/>\n<meta property=\"article:publisher\" content=\"https:\/\/www.facebook.com\/PROGAMETATAMI\" \/>\n<meta property=\"article:modified_time\" content=\"2023-04-13T08:42:29+00:00\" \/>\n<meta property=\"og:image\" content=\"https:\/\/www.progame-tatami.com\/wp-content\/uploads\/2023\/02\/home-fitness.jpg\" \/>\n\t<meta property=\"og:image:width\" content=\"1920\" \/>\n\t<meta property=\"og:image:height\" content=\"1280\" \/>\n\t<meta property=\"og:image:type\" content=\"image\/jpeg\" \/>\n<meta name=\"twitter:card\" content=\"summary_large_image\" \/>\n<script type=\"application\/ld+json\" class=\"yoast-schema-graph\">{\"@context\":\"https:\\\/\\\/schema.org\",\"@graph\":[{\"@type\":\"WebPage\",\"@id\":\"https:\\\/\\\/www.progame-tatami.com\\\/fr\\\/qui-sommes-nous\\\/\",\"url\":\"https:\\\/\\\/www.progame-tatami.com\\\/fr\\\/qui-sommes-nous\\\/\",\"name\":\"Qui sommes-nous - Progame\",\"isPartOf\":{\"@id\":\"https:\\\/\\\/www.progame-tatami.com\\\/fr\\\/#website\"},\"datePublished\":\"2023-01-27T13:33:45+00:00\",\"dateModified\":\"2023-04-13T08:42:29+00:00\",\"description\":\"Chez Trocellen, nous partageons \u00e0 la fois l\u2019amour du sport et un engagement qui vise \u00e0 rendre l\u2019exp\u00e9rience de la pratique sportive s\u00fbre et engageante. Tout en garantissant d'excellentes performances pour nos produits et forts de notre engagement en faveur de la protection de l'environnement, nos solutions r\u00e9pondent non seulement aux exigences les plus \u00e9lev\u00e9es, mais \u00e9galement aux besoins d'une population de plus en plus soucieuse des questions de sant\u00e9.\",\"breadcrumb\":{\"@id\":\"https:\\\/\\\/www.progame-tatami.com\\\/fr\\\/qui-sommes-nous\\\/#breadcrumb\"},\"inLanguage\":\"fr-FR\",\"potentialAction\":[{\"@type\":\"ReadAction\",\"target\":[\"https:\\\/\\\/www.progame-tatami.com\\\/fr\\\/qui-sommes-nous\\\/\"]}]},{\"@type\":\"BreadcrumbList\",\"@id\":\"https:\\\/\\\/www.progame-tatami.com\\\/fr\\\/qui-sommes-nous\\\/#breadcrumb\",\"itemListElement\":[{\"@type\":\"ListItem\",\"position\":1,\"name\":\"Home\",\"item\":\"https:\\\/\\\/www.progame-tatami.com\\\/fr\\\/\"},{\"@type\":\"ListItem\",\"position\":2,\"name\":\"Qui sommes-nous\"}]},{\"@type\":\"WebSite\",\"@id\":\"https:\\\/\\\/www.progame-tatami.com\\\/fr\\\/#website\",\"url\":\"https:\\\/\\\/www.progame-tatami.com\\\/fr\\\/\",\"name\":\"Progame\",\"description\":\"Tatami by Trocellen - Born to perform\",\"publisher\":{\"@id\":\"https:\\\/\\\/www.progame-tatami.com\\\/fr\\\/#organization\"},\"potentialAction\":[{\"@type\":\"SearchAction\",\"target\":{\"@type\":\"EntryPoint\",\"urlTemplate\":\"https:\\\/\\\/www.progame-tatami.com\\\/fr\\\/?s={search_term_string}\"},\"query-input\":{\"@type\":\"PropertyValueSpecification\",\"valueRequired\":true,\"valueName\":\"search_term_string\"}}],\"inLanguage\":\"fr-FR\"},{\"@type\":\"Organization\",\"@id\":\"https:\\\/\\\/www.progame-tatami.com\\\/fr\\\/#organization\",\"name\":\"ProGame - Tatami by Trocellen\",\"url\":\"https:\\\/\\\/www.progame-tatami.com\\\/fr\\\/\",\"logo\":{\"@type\":\"ImageObject\",\"inLanguage\":\"fr-FR\",\"@id\":\"https:\\\/\\\/www.progame-tatami.com\\\/fr\\\/#\\\/schema\\\/logo\\\/image\\\/\",\"url\":\"https:\\\/\\\/www.progame-tatami.com\\\/wp-content\\\/uploads\\\/2023\\\/02\\\/favicon.png\",\"contentUrl\":\"https:\\\/\\\/www.progame-tatami.com\\\/wp-content\\\/uploads\\\/2023\\\/02\\\/favicon.png\",\"width\":512,\"height\":512,\"caption\":\"ProGame - Tatami by Trocellen\"},\"image\":{\"@id\":\"https:\\\/\\\/www.progame-tatami.com\\\/fr\\\/#\\\/schema\\\/logo\\\/image\\\/\"},\"sameAs\":[\"https:\\\/\\\/www.facebook.com\\\/PROGAMETATAMI\",\"https:\\\/\\\/www.youtube.com\\\/@progametatamibytrocellen7893\",\"https:\\\/\\\/www.instagram.com\\\/progame.tatami\\\/\"]}]}<\/script>\n<!-- \/ Yoast SEO plugin. -->","yoast_head_json":{"title":"Qui sommes-nous - Progame","description":"Chez Trocellen, nous partageons \u00e0 la fois l\u2019amour du sport et un engagement qui vise \u00e0 rendre l\u2019exp\u00e9rience de la pratique sportive s\u00fbre et engageante. Tout en garantissant d'excellentes performances pour nos produits et forts de notre engagement en faveur de la protection de l'environnement, nos solutions r\u00e9pondent non seulement aux exigences les plus \u00e9lev\u00e9es, mais \u00e9galement aux besoins d'une population de plus en plus soucieuse des questions de sant\u00e9.","robots":{"index":"index","follow":"follow","max-snippet":"max-snippet:-1","max-image-preview":"max-image-preview:large","max-video-preview":"max-video-preview:-1"},"canonical":"https:\/\/www.progame-tatami.com\/fr\/qui-sommes-nous\/","og_locale":"fr_FR","og_type":"article","og_title":"Qui sommes-nous - Progame","og_description":"Chez Trocellen, nous partageons \u00e0 la fois l\u2019amour du sport et un engagement qui vise \u00e0 rendre l\u2019exp\u00e9rience de la pratique sportive s\u00fbre et engageante. Tout en garantissant d'excellentes performances pour nos produits et forts de notre engagement en faveur de la protection de l'environnement, nos solutions r\u00e9pondent non seulement aux exigences les plus \u00e9lev\u00e9es, mais \u00e9galement aux besoins d'une population de plus en plus soucieuse des questions de sant\u00e9.","og_url":"https:\/\/www.progame-tatami.com\/fr\/qui-sommes-nous\/","og_site_name":"Progame","article_publisher":"https:\/\/www.facebook.com\/PROGAMETATAMI","article_modified_time":"2023-04-13T08:42:29+00:00","og_image":[{"width":1920,"height":1280,"url":"https:\/\/www.progame-tatami.com\/wp-content\/uploads\/2023\/02\/home-fitness.jpg","type":"image\/jpeg"}],"twitter_card":"summary_large_image","schema":{"@context":"https:\/\/schema.org","@graph":[{"@type":"WebPage","@id":"https:\/\/www.progame-tatami.com\/fr\/qui-sommes-nous\/","url":"https:\/\/www.progame-tatami.com\/fr\/qui-sommes-nous\/","name":"Qui sommes-nous - Progame","isPartOf":{"@id":"https:\/\/www.progame-tatami.com\/fr\/#website"},"datePublished":"2023-01-27T13:33:45+00:00","dateModified":"2023-04-13T08:42:29+00:00","description":"Chez Trocellen, nous partageons \u00e0 la fois l\u2019amour du sport et un engagement qui vise \u00e0 rendre l\u2019exp\u00e9rience de la pratique sportive s\u00fbre et engageante. Tout en garantissant d'excellentes performances pour nos produits et forts de notre engagement en faveur de la protection de l'environnement, nos solutions r\u00e9pondent non seulement aux exigences les plus \u00e9lev\u00e9es, mais \u00e9galement aux besoins d'une population de plus en plus soucieuse des questions de sant\u00e9.","breadcrumb":{"@id":"https:\/\/www.progame-tatami.com\/fr\/qui-sommes-nous\/#breadcrumb"},"inLanguage":"fr-FR","potentialAction":[{"@type":"ReadAction","target":["https:\/\/www.progame-tatami.com\/fr\/qui-sommes-nous\/"]}]},{"@type":"BreadcrumbList","@id":"https:\/\/www.progame-tatami.com\/fr\/qui-sommes-nous\/#breadcrumb","itemListElement":[{"@type":"ListItem","position":1,"name":"Home","item":"https:\/\/www.progame-tatami.com\/fr\/"},{"@type":"ListItem","position":2,"name":"Qui sommes-nous"}]},{"@type":"WebSite","@id":"https:\/\/www.progame-tatami.com\/fr\/#website","url":"https:\/\/www.progame-tatami.com\/fr\/","name":"Progame","description":"Tatami by Trocellen - Born to perform","publisher":{"@id":"https:\/\/www.progame-tatami.com\/fr\/#organization"},"potentialAction":[{"@type":"SearchAction","target":{"@type":"EntryPoint","urlTemplate":"https:\/\/www.progame-tatami.com\/fr\/?s={search_term_string}"},"query-input":{"@type":"PropertyValueSpecification","valueRequired":true,"valueName":"search_term_string"}}],"inLanguage":"fr-FR"},{"@type":"Organization","@id":"https:\/\/www.progame-tatami.com\/fr\/#organization","name":"ProGame - Tatami by Trocellen","url":"https:\/\/www.progame-tatami.com\/fr\/","logo":{"@type":"ImageObject","inLanguage":"fr-FR","@id":"https:\/\/www.progame-tatami.com\/fr\/#\/schema\/logo\/image\/","url":"https:\/\/www.progame-tatami.com\/wp-content\/uploads\/2023\/02\/favicon.png","contentUrl":"https:\/\/www.progame-tatami.com\/wp-content\/uploads\/2023\/02\/favicon.png","width":512,"height":512,"caption":"ProGame - Tatami by Trocellen"},"image":{"@id":"https:\/\/www.progame-tatami.com\/fr\/#\/schema\/logo\/image\/"},"sameAs":["https:\/\/www.facebook.com\/PROGAMETATAMI","https:\/\/www.youtube.com\/@progametatamibytrocellen7893","https:\/\/www.instagram.com\/progame.tatami\/"]}]}},"_links":{"self":[{"href":"https:\/\/www.progame-tatami.com\/fr\/wp-json\/wp\/v2\/pages\/1367","targetHints":{"allow":["GET"]}}],"collection":[{"href":"https:\/\/www.progame-tatami.com\/fr\/wp-json\/wp\/v2\/pages"}],"about":[{"href":"https:\/\/www.progame-tatami.com\/fr\/wp-json\/wp\/v2\/types\/page"}],"author":[{"embeddable":true,"href":"https:\/\/www.progame-tatami.com\/fr\/wp-json\/wp\/v2\/users\/1"}],"replies":[{"embeddable":true,"href":"https:\/\/www.progame-tatami.com\/fr\/wp-json\/wp\/v2\/comments?post=1367"}],"version-history":[{"count":5,"href":"https:\/\/www.progame-tatami.com\/fr\/wp-json\/wp\/v2\/pages\/1367\/revisions"}],"predecessor-version":[{"id":1977,"href":"https:\/\/www.progame-tatami.com\/fr\/wp-json\/wp\/v2\/pages\/1367\/revisions\/1977"}],"wp:attachment":[{"href":"https:\/\/www.progame-tatami.com\/fr\/wp-json\/wp\/v2\/media?parent=1367"}],"curies":[{"name":"wp","href":"https:\/\/api.w.org\/{rel}","templated":true}]}}